{"id":132,"date":"2023-06-30T14:19:59","date_gmt":"2023-06-30T13:19:59","guid":{"rendered":"https:\/\/martaidawid.pl\/?page_id=132"},"modified":"2025-09-25T15:51:44","modified_gmt":"2025-09-25T14:51:44","slug":"slub-2","status":"publish","type":"page","link":"https:\/\/martaidawid.pl\/","title":{"rendered":""},"content":{"rendered":"\t\t<div data-elementor-type=\"wp-page\" data-elementor-id=\"132\" class=\"elementor elementor-132\">\n\t\t\t\t\t\t<section class=\"elementor-section elementor-top-section elementor-element elementor-element-a40051a elementor-section-full_width elementor-section-height-default elementor-section-height-default\" data-id=\"a40051a\" data-element_type=\"section\">\n\t\t\t\t\t\t<div class=\"elementor-container elementor-column-gap-default\">\n\t\t\t\t\t<div class=\"elementor-column elementor-col-100 elementor-top-column elementor-element elementor-element-644a1f7\" data-id=\"644a1f7\" data-element_type=\"column\">\n\t\t\t<div class=\"elementor-widget-wrap elementor-element-populated\">\n\t\t\t\t\t\t<div class=\"elementor-element elementor-element-63c391d elementor-invisible elementor-widget elementor-widget-heading\" data-id=\"63c391d\" data-element_type=\"widget\" data-settings=\"{&quot;_animation&quot;:&quot;fadeInDown&quot;}\" data-widget_type=\"heading.default\">\n\t\t\t\t<div class=\"elementor-widget-container\">\n\t\t\t\t\t<h1 class=\"elementor-heading-title elementor-size-large\">Dzi\u0119kujemy \u017ce byli\u015bcie z nami!<\/h1>\t\t\t\t<\/div>\n\t\t\t\t<\/div>\n\t\t\t\t<div class=\"elementor-element elementor-element-d25192f elementor-invisible elementor-widget elementor-widget-heading\" data-id=\"d25192f\" data-element_type=\"widget\" data-settings=\"{&quot;_animation&quot;:&quot;fadeInDown&quot;}\" data-widget_type=\"heading.default\">\n\t\t\t\t<div class=\"elementor-widget-container\">\n\t\t\t\t\t<h1 class=\"elementor-heading-title elementor-size-large\">16  sierpnia 2025 roku<\/h1>\t\t\t\t<\/div>\n\t\t\t\t<\/div>\n\t\t\t\t<div class=\"elementor-element elementor-element-1620dd5 elementor-invisible elementor-widget elementor-widget-heading\" data-id=\"1620dd5\" data-element_type=\"widget\" data-settings=\"{&quot;_animation&quot;:&quot;fadeInDown&quot;}\" data-widget_type=\"heading.default\">\n\t\t\t\t<div class=\"elementor-widget-container\">\n\t\t\t\t\t<h1 class=\"elementor-heading-title elementor-size-large\">Mamy nadziej\u0119 \u017ce dobrze si\u0119 bawili\u015bcie!<\/h1>\t\t\t\t<\/div>\n\t\t\t\t<\/div>\n\t\t\t\t<div class=\"elementor-element elementor-element-15719e8 elementor-widget elementor-widget-spacer\" data-id=\"15719e8\" data-element_type=\"widget\" data-widget_type=\"spacer.default\">\n\t\t\t\t<div class=\"elementor-widget-container\">\n\t\t\t\t\t\t\t<div class=\"elementor-spacer\">\n\t\t\t<div class=\"elementor-spacer-inner\"><\/div>\n\t\t<\/div>\n\t\t\t\t\t\t<\/div>\n\t\t\t\t<\/div>\n\t\t\t\t<section class=\"elementor-section elementor-inner-section elementor-element elementor-element-bde8ea0 elementor-section-boxed elementor-section-height-default elementor-section-height-default\" data-id=\"bde8ea0\" data-element_type=\"section\">\n\t\t\t\t\t\t<div class=\"elementor-container elementor-column-gap-default\">\n\t\t\t\t\t<div class=\"elementor-column elementor-col-50 elementor-inner-column elementor-element elementor-element-aec1db8\" data-id=\"aec1db8\" data-element_type=\"column\">\n\t\t\t<div class=\"elementor-widget-wrap elementor-element-populated\">\n\t\t\t\t\t\t<div class=\"elementor-element elementor-element-0705d22 elementor-widget elementor-widget-spacer\" data-id=\"0705d22\" data-element_type=\"widget\" data-widget_type=\"spacer.default\">\n\t\t\t\t<div class=\"elementor-widget-container\">\n\t\t\t\t\t\t\t<div class=\"elementor-spacer\">\n\t\t\t<div class=\"elementor-spacer-inner\"><\/div>\n\t\t<\/div>\n\t\t\t\t\t\t<\/div>\n\t\t\t\t<\/div>\n\t\t\t\t<div class=\"elementor-element elementor-element-f28853d elementor-button-info elementor-align-center elementor-widget elementor-widget-button\" data-id=\"f28853d\" data-element_type=\"widget\" data-widget_type=\"button.default\">\n\t\t\t\t<div class=\"elementor-widget-container\">\n\t\t\t\t\t\t\t\t\t<div class=\"elementor-button-wrapper\">\n\t\t\t\t\t<a class=\"elementor-button elementor-button-link elementor-size-xl\" href=\"https:\/\/martaidawid.pl\/?page_id=764\">\n\t\t\t\t\t\t<span class=\"elementor-button-content-wrapper\">\n\t\t\t\t\t\t\t\t\t<span class=\"elementor-button-text\">KSI\u0118GA GO\u015aCI<\/span>\n\t\t\t\t\t<\/span>\n\t\t\t\t\t<\/a>\n\t\t\t\t<\/div>\n\t\t\t\t\t\t\t\t<\/div>\n\t\t\t\t<\/div>\n\t\t\t\t\t<\/div>\n\t\t<\/div>\n\t\t\t\t<div class=\"elementor-column elementor-col-50 elementor-inner-column elementor-element elementor-element-9feaddf\" data-id=\"9feaddf\" data-element_type=\"column\">\n\t\t\t<div class=\"elementor-widget-wrap elementor-element-populated\">\n\t\t\t\t\t\t<div class=\"elementor-element elementor-element-7d74ef9 elementor-widget__width-initial elementor-widget elementor-widget-text-editor\" data-id=\"7d74ef9\" data-element_type=\"widget\" data-widget_type=\"text-editor.default\">\n\t\t\t\t<div class=\"elementor-widget-container\">\n\t\t\t\t\t\t\t\t\t<p>Podoba\u0142o Ci si\u0119 na weselu? Bardzo si\u0119 cieszymy! Zostaw po sobie wirtualn\u0105 pami\u0105tk\u0119 i wpisz si\u0119 do ksi\u0119gi go\u015bci \ud83d\ude42<\/p>\t\t\t\t\t\t\t\t<\/div>\n\t\t\t\t<\/div>\n\t\t\t\t\t<\/div>\n\t\t<\/div>\n\t\t\t\t\t<\/div>\n\t\t<\/section>\n\t\t\t\t<div class=\"elementor-element elementor-element-ab2a391 elementor-widget elementor-widget-spacer\" data-id=\"ab2a391\" data-element_type=\"widget\" data-widget_type=\"spacer.default\">\n\t\t\t\t<div class=\"elementor-widget-container\">\n\t\t\t\t\t\t\t<div class=\"elementor-spacer\">\n\t\t\t<div class=\"elementor-spacer-inner\"><\/div>\n\t\t<\/div>\n\t\t\t\t\t\t<\/div>\n\t\t\t\t<\/div>\n\t\t\t\t<section class=\"elementor-section elementor-inner-section elementor-element elementor-element-9ddf05c elementor-section-boxed elementor-section-height-default elementor-section-height-default\" data-id=\"9ddf05c\" data-element_type=\"section\">\n\t\t\t\t\t\t<div class=\"elementor-container elementor-column-gap-default\">\n\t\t\t\t\t<div class=\"elementor-column elementor-col-50 elementor-inner-column elementor-element elementor-element-7d2d461\" data-id=\"7d2d461\" data-element_type=\"column\">\n\t\t\t<div class=\"elementor-widget-wrap elementor-element-populated\">\n\t\t\t\t\t\t<div class=\"elementor-element elementor-element-93be12b elementor-widget elementor-widget-text-editor\" data-id=\"93be12b\" data-element_type=\"widget\" data-widget_type=\"text-editor.default\">\n\t\t\t\t<div class=\"elementor-widget-container\">\n\t\t\t\t\t\t\t\t\t<p>Koniecznie zobaczcie zdj\u0119cia i film ze \u015blubu i wesela, na pewno tam jeste\u015bcie \ud83d\ude42<\/p>\t\t\t\t\t\t\t\t<\/div>\n\t\t\t\t<\/div>\n\t\t\t\t<div class=\"elementor-element elementor-element-e51fd5b elementor-button-info elementor-align-center elementor-widget elementor-widget-button\" data-id=\"e51fd5b\" data-element_type=\"widget\" data-widget_type=\"button.default\">\n\t\t\t\t<div class=\"elementor-widget-container\">\n\t\t\t\t\t\t\t\t\t<div class=\"elementor-button-wrapper\">\n\t\t\t\t\t<a class=\"elementor-button elementor-button-link elementor-size-xl\" href=\"https:\/\/drive.google.com\/drive\/folders\/1N4wby6_w0iJh54AuhXnmIHqnEi1fv9uI?usp=drive_link\">\n\t\t\t\t\t\t<span class=\"elementor-button-content-wrapper\">\n\t\t\t\t\t\t\t\t\t<span class=\"elementor-button-text\">ZDJ\u0118CIA ZE \u015aLUBU I WESELA<\/span>\n\t\t\t\t\t<\/span>\n\t\t\t\t\t<\/a>\n\t\t\t\t<\/div>\n\t\t\t\t\t\t\t\t<\/div>\n\t\t\t\t<\/div>\n\t\t\t\t\t<\/div>\n\t\t<\/div>\n\t\t\t\t<div class=\"elementor-column elementor-col-50 elementor-inner-column elementor-element elementor-element-c3ea8b7\" data-id=\"c3ea8b7\" data-element_type=\"column\">\n\t\t\t<div class=\"elementor-widget-wrap elementor-element-populated\">\n\t\t\t\t\t\t<div class=\"elementor-element elementor-element-e1d9dfe elementor-widget elementor-widget-video\" data-id=\"e1d9dfe\" data-element_type=\"widget\" data-settings=\"{&quot;youtube_url&quot;:&quot;https:\\\/\\\/www.youtube.com\\\/watch?si=WxM-NtvC0moRmdGc&amp;fbclid=IwY2xjawNCNS5leHRuA2FlbQIxMQABHtNgIU4oad2B2VE705mV1sU7kJGw4gScepggded5GScKYaMpD9DPjK3Gv6ur_aem_BhDCP8ymf1KXJtFypyYfeQ&amp;v=InlfiBJyj3A&amp;feature=youtu.be&quot;,&quot;video_type&quot;:&quot;youtube&quot;,&quot;controls&quot;:&quot;yes&quot;}\" data-widget_type=\"video.default\">\n\t\t\t\t<div class=\"elementor-widget-container\">\n\t\t\t\t\t\t\t<div class=\"elementor-wrapper elementor-open-inline\">\n\t\t\t<div class=\"elementor-video\"><\/div>\t\t<\/div>\n\t\t\t\t\t\t<\/div>\n\t\t\t\t<\/div>\n\t\t\t\t\t<\/div>\n\t\t<\/div>\n\t\t\t\t\t<\/div>\n\t\t<\/section>\n\t\t\t\t<div class=\"elementor-element elementor-element-842f7b9 elementor-widget elementor-widget-spacer\" data-id=\"842f7b9\" data-element_type=\"widget\" data-widget_type=\"spacer.default\">\n\t\t\t\t<div class=\"elementor-widget-container\">\n\t\t\t\t\t\t\t<div class=\"elementor-spacer\">\n\t\t\t<div class=\"elementor-spacer-inner\"><\/div>\n\t\t<\/div>\n\t\t\t\t\t\t<\/div>\n\t\t\t\t<\/div>\n\t\t\t\t<div class=\"elementor-element elementor-element-700d04a elementor-widget elementor-widget-spacer\" data-id=\"700d04a\" data-element_type=\"widget\" data-widget_type=\"spacer.default\">\n\t\t\t\t<div class=\"elementor-widget-container\">\n\t\t\t\t\t\t\t<div class=\"elementor-spacer\">\n\t\t\t<div class=\"elementor-spacer-inner\"><\/div>\n\t\t<\/div>\n\t\t\t\t\t\t<\/div>\n\t\t\t\t<\/div>\n\t\t\t\t<section class=\"elementor-section elementor-inner-section elementor-element elementor-element-6716f6a animated-slow elementor-section-boxed elementor-section-height-default elementor-section-height-default\" data-id=\"6716f6a\" data-element_type=\"section\" data-settings=\"{&quot;animation&quot;:&quot;none&quot;}\">\n\t\t\t\t\t\t<div class=\"elementor-container elementor-column-gap-default\">\n\t\t\t\t\t<div class=\"elementor-column elementor-col-50 elementor-inner-column elementor-element elementor-element-e20c4fd\" data-id=\"e20c4fd\" data-element_type=\"column\">\n\t\t\t<div class=\"elementor-widget-wrap elementor-element-populated\">\n\t\t\t\t\t\t<div class=\"elementor-element elementor-element-74ce95c elementor-invisible elementor-widget elementor-widget-text-editor\" data-id=\"74ce95c\" data-element_type=\"widget\" data-settings=\"{&quot;_animation&quot;:&quot;fadeInDown&quot;}\" data-widget_type=\"text-editor.default\">\n\t\t\t\t<div class=\"elementor-widget-container\">\n\t\t\t\t\t\t\t\t\t<p>Nasza historia<\/p>\t\t\t\t\t\t\t\t<\/div>\n\t\t\t\t<\/div>\n\t\t\t\t<div class=\"elementor-element elementor-element-b47bdb7 elementor-widget elementor-widget-image\" data-id=\"b47bdb7\" data-element_type=\"widget\" data-widget_type=\"image.default\">\n\t\t\t\t<div class=\"elementor-widget-container\">\n\t\t\t\t\t\t\t\t\t\t\t\t\t\t\t<img fetchpriority=\"high\" decoding=\"async\" width=\"683\" height=\"1024\" src=\"https:\/\/martaidawid.pl\/wp-content\/uploads\/2024\/11\/3H8A9869-Edit-Full-683x1024.jpg\" class=\"attachment-large size-large wp-image-563\" alt=\"\" srcset=\"https:\/\/martaidawid.pl\/wp-content\/uploads\/2024\/11\/3H8A9869-Edit-Full-683x1024.jpg 683w, https:\/\/martaidawid.pl\/wp-content\/uploads\/2024\/11\/3H8A9869-Edit-Full-200x300.jpg 200w, https:\/\/martaidawid.pl\/wp-content\/uploads\/2024\/11\/3H8A9869-Edit-Full-scaled-1024x1536.jpg 1024w, https:\/\/martaidawid.pl\/wp-content\/uploads\/2024\/11\/3H8A9869-Edit-Full-scaled-1366x2048.jpg 1366w, https:\/\/martaidawid.pl\/wp-content\/uploads\/2024\/11\/3H8A9869-Edit-Full-scaled.jpg 1707w\" sizes=\"100vw\" \/>\t\t\t\t\t\t\t\t\t\t\t\t\t\t\t<\/div>\n\t\t\t\t<\/div>\n\t\t\t\t\t<\/div>\n\t\t<\/div>\n\t\t\t\t<div class=\"elementor-column elementor-col-50 elementor-inner-column elementor-element elementor-element-014cc75\" data-id=\"014cc75\" data-element_type=\"column\">\n\t\t\t<div class=\"elementor-widget-wrap elementor-element-populated\">\n\t\t\t\t\t\t<div class=\"elementor-element elementor-element-cc5fa6b elementor-widget elementor-widget-spacer\" data-id=\"cc5fa6b\" data-element_type=\"widget\" data-widget_type=\"spacer.default\">\n\t\t\t\t<div class=\"elementor-widget-container\">\n\t\t\t\t\t\t\t<div class=\"elementor-spacer\">\n\t\t\t<div class=\"elementor-spacer-inner\"><\/div>\n\t\t<\/div>\n\t\t\t\t\t\t<\/div>\n\t\t\t\t<\/div>\n\t\t\t\t<div class=\"elementor-element elementor-element-5236367 elementor-widget elementor-widget-text-editor\" data-id=\"5236367\" data-element_type=\"widget\" data-widget_type=\"text-editor.default\">\n\t\t\t\t<div class=\"elementor-widget-container\">\n\t\t\t\t\t\t\t\t\t<p>Poznali\u015bmy si\u0119 na studiach w Wojskowej Akademii Technicznej w 2018 roku. Ja by\u0142am dobra z matematyki wi\u0119c spyta\u0142 si\u0119 mnie o korki i tak rozpocz\u0119\u0142a si\u0119 nasza wsp\u00f3lna przygoda :). Przez te lata zwiedzili\u015bmy 11 kraj\u00f3w, zrobili\u015bmy tysi\u0105ce kilometr\u00f3w podr\u00f3\u017cuj\u0105c samolotami, poci\u0105gami i samochodami po ca\u0142ej Polsce i za granic\u0105 aby zobaczy\u0107 i do\u015bwiadczy\u0107 jak najwi\u0119cej. Nadszed\u0142 czas przygotowa\u0144 do naszej najwa\u017cniejszej wsp\u00f3lnej podr\u00f3\u017cy jak\u0105 jest ma\u0142\u017ce\u0144stwo, kt\u00f3r\u0105 rozpoczniemy ju\u017c nied\u0142ugo w\u015br\u00f3d naszych najbli\u017cszych .<\/p>\t\t\t\t\t\t\t\t<\/div>\n\t\t\t\t<\/div>\n\t\t\t\t<div class=\"elementor-element elementor-element-0c91300 elementor-widget elementor-widget-spacer\" data-id=\"0c91300\" data-element_type=\"widget\" data-widget_type=\"spacer.default\">\n\t\t\t\t<div class=\"elementor-widget-container\">\n\t\t\t\t\t\t\t<div class=\"elementor-spacer\">\n\t\t\t<div class=\"elementor-spacer-inner\"><\/div>\n\t\t<\/div>\n\t\t\t\t\t\t<\/div>\n\t\t\t\t<\/div>\n\t\t\t\t\t<\/div>\n\t\t<\/div>\n\t\t\t\t\t<\/div>\n\t\t<\/section>\n\t\t\t\t\t<\/div>\n\t\t<\/div>\n\t\t\t\t\t<\/div>\n\t\t<\/section>\n\t\t\t\t<section class=\"elementor-section elementor-top-section elementor-element elementor-element-50b614b elementor-section-boxed elementor-section-height-default elementor-section-height-default\" data-id=\"50b614b\" data-element_type=\"section\">\n\t\t\t\t\t\t<div class=\"elementor-container elementor-column-gap-default\">\n\t\t\t\t\t<div class=\"elementor-column elementor-col-100 elementor-top-column elementor-element elementor-element-9f47283\" data-id=\"9f47283\" data-element_type=\"column\">\n\t\t\t<div class=\"elementor-widget-wrap elementor-element-populated\">\n\t\t\t\t\t\t<div class=\"elementor-element elementor-element-0407b63 elementor-widget elementor-widget-spacer\" data-id=\"0407b63\" data-element_type=\"widget\" data-widget_type=\"spacer.default\">\n\t\t\t\t<div class=\"elementor-widget-container\">\n\t\t\t\t\t\t\t<div class=\"elementor-spacer\">\n\t\t\t<div class=\"elementor-spacer-inner\"><\/div>\n\t\t<\/div>\n\t\t\t\t\t\t<\/div>\n\t\t\t\t<\/div>\n\t\t\t\t<div class=\"elementor-element elementor-element-97a14a9 elementor-widget elementor-widget-spacer\" data-id=\"97a14a9\" data-element_type=\"widget\" data-widget_type=\"spacer.default\">\n\t\t\t\t<div class=\"elementor-widget-container\">\n\t\t\t\t\t\t\t<div class=\"elementor-spacer\">\n\t\t\t<div class=\"elementor-spacer-inner\"><\/div>\n\t\t<\/div>\n\t\t\t\t\t\t<\/div>\n\t\t\t\t<\/div>\n\t\t\t\t<div class=\"elementor-element elementor-element-2ed1f74 elementor-invisible elementor-widget elementor-widget-text-editor\" data-id=\"2ed1f74\" data-element_type=\"widget\" data-settings=\"{&quot;_animation&quot;:&quot;fadeInDown&quot;}\" data-widget_type=\"text-editor.default\">\n\t\t\t\t<div class=\"elementor-widget-container\">\n\t\t\t\t\t\t\t\t\t<p>Galeria<\/p>\t\t\t\t\t\t\t\t<\/div>\n\t\t\t\t<\/div>\n\t\t\t\t<div class=\"elementor-element elementor-element-11be757 elementor-widget elementor-widget-text-editor\" data-id=\"11be757\" data-element_type=\"widget\" data-widget_type=\"text-editor.default\">\n\t\t\t\t<div class=\"elementor-widget-container\">\n\t\t\t\t\t\t\t\t\t<p>Zapraszamy do obejrzenia naszych zdj\u0119\u0107 z podr\u00f3\u017cy oraz z sesji narzecze\u0144skiej.<\/p>\t\t\t\t\t\t\t\t<\/div>\n\t\t\t\t<\/div>\n\t\t\t\t<div class=\"elementor-element elementor-element-9fce067 elementor-widget elementor-widget-spacer\" data-id=\"9fce067\" data-element_type=\"widget\" data-widget_type=\"spacer.default\">\n\t\t\t\t<div class=\"elementor-widget-container\">\n\t\t\t\t\t\t\t<div class=\"elementor-spacer\">\n\t\t\t<div class=\"elementor-spacer-inner\"><\/div>\n\t\t<\/div>\n\t\t\t\t\t\t<\/div>\n\t\t\t\t<\/div>\n\t\t\t\t<section class=\"elementor-section elementor-inner-section elementor-element elementor-element-eb5522c elementor-section-boxed elementor-section-height-default elementor-section-height-default\" data-id=\"eb5522c\" data-element_type=\"section\">\n\t\t\t\t\t\t<div class=\"elementor-container elementor-column-gap-default\">\n\t\t\t\t\t<div class=\"elementor-column elementor-col-50 elementor-inner-column elementor-element elementor-element-4275f90\" data-id=\"4275f90\" data-element_type=\"column\">\n\t\t\t<div class=\"elementor-widget-wrap elementor-element-populated\">\n\t\t\t\t\t\t<div class=\"elementor-element elementor-element-8d24fc1 elementor-widget elementor-widget-image\" data-id=\"8d24fc1\" data-element_type=\"widget\" data-widget_type=\"image.default\">\n\t\t\t\t<div class=\"elementor-widget-container\">\n\t\t\t\t\t\t\t\t\t\t\t\t\t\t\t<img decoding=\"async\" width=\"300\" height=\"300\" src=\"https:\/\/martaidawid.pl\/wp-content\/uploads\/2024\/11\/20241108_222306000_iOS-300x300.jpg\" class=\"attachment-medium size-medium wp-image-568\" alt=\"\" srcset=\"https:\/\/martaidawid.pl\/wp-content\/uploads\/2024\/11\/20241108_222306000_iOS-300x300.jpg 300w, https:\/\/martaidawid.pl\/wp-content\/uploads\/2024\/11\/20241108_222306000_iOS-1024x1024.jpg 1024w, https:\/\/martaidawid.pl\/wp-content\/uploads\/2024\/11\/20241108_222306000_iOS-150x150.jpg 150w, https:\/\/martaidawid.pl\/wp-content\/uploads\/2024\/11\/20241108_222306000_iOS-2000x2000.jpg 2000w, https:\/\/martaidawid.pl\/wp-content\/uploads\/2024\/11\/20241108_222306000_iOS-scaled-1536x1536.jpg 1536w, https:\/\/martaidawid.pl\/wp-content\/uploads\/2024\/11\/20241108_222306000_iOS-scaled-2048x2048.jpg 2048w\" sizes=\"100vw\" \/>\t\t\t\t\t\t\t\t\t\t\t\t\t\t\t<\/div>\n\t\t\t\t<\/div>\n\t\t\t\t<div class=\"elementor-element elementor-element-7e2ca00 elementor-widget elementor-widget-spacer\" data-id=\"7e2ca00\" data-element_type=\"widget\" data-widget_type=\"spacer.default\">\n\t\t\t\t<div class=\"elementor-widget-container\">\n\t\t\t\t\t\t\t<div class=\"elementor-spacer\">\n\t\t\t<div class=\"elementor-spacer-inner\"><\/div>\n\t\t<\/div>\n\t\t\t\t\t\t<\/div>\n\t\t\t\t<\/div>\n\t\t\t\t<div class=\"elementor-element elementor-element-9789d84 elementor-button-info elementor-align-center elementor-widget elementor-widget-button\" data-id=\"9789d84\" data-element_type=\"widget\" data-widget_type=\"button.default\">\n\t\t\t\t<div class=\"elementor-widget-container\">\n\t\t\t\t\t\t\t\t\t<div class=\"elementor-button-wrapper\">\n\t\t\t\t\t<a class=\"elementor-button elementor-button-link elementor-size-xl\" href=\"https:\/\/martaidawid.pl\/?page_id=551\">\n\t\t\t\t\t\t<span class=\"elementor-button-content-wrapper\">\n\t\t\t\t\t\t\t\t\t<span class=\"elementor-button-text\">SESJA NARZECZE\u0143SKA<\/span>\n\t\t\t\t\t<\/span>\n\t\t\t\t\t<\/a>\n\t\t\t\t<\/div>\n\t\t\t\t\t\t\t\t<\/div>\n\t\t\t\t<\/div>\n\t\t\t\t\t<\/div>\n\t\t<\/div>\n\t\t\t\t<div class=\"elementor-column elementor-col-50 elementor-inner-column elementor-element elementor-element-d6d0c06\" data-id=\"d6d0c06\" data-element_type=\"column\">\n\t\t\t<div class=\"elementor-widget-wrap elementor-element-populated\">\n\t\t\t\t\t\t<div class=\"elementor-element elementor-element-8355cf4 elementor-widget elementor-widget-image\" data-id=\"8355cf4\" data-element_type=\"widget\" data-widget_type=\"image.default\">\n\t\t\t\t<div class=\"elementor-widget-container\">\n\t\t\t\t\t\t\t\t\t\t\t\t\t\t\t<img decoding=\"async\" width=\"300\" height=\"300\" src=\"https:\/\/martaidawid.pl\/wp-content\/uploads\/2024\/11\/20241108_223802000_iOS-300x300.jpg\" class=\"attachment-medium size-medium wp-image-569\" alt=\"\" srcset=\"https:\/\/martaidawid.pl\/wp-content\/uploads\/2024\/11\/20241108_223802000_iOS-300x300.jpg 300w, https:\/\/martaidawid.pl\/wp-content\/uploads\/2024\/11\/20241108_223802000_iOS-1024x1024.jpg 1024w, https:\/\/martaidawid.pl\/wp-content\/uploads\/2024\/11\/20241108_223802000_iOS-150x150.jpg 150w, https:\/\/martaidawid.pl\/wp-content\/uploads\/2024\/11\/20241108_223802000_iOS-2000x2000.jpg 2000w, https:\/\/martaidawid.pl\/wp-content\/uploads\/2024\/11\/20241108_223802000_iOS-scaled-1536x1536.jpg 1536w, https:\/\/martaidawid.pl\/wp-content\/uploads\/2024\/11\/20241108_223802000_iOS-scaled-2048x2048.jpg 2048w\" sizes=\"100vw\" \/>\t\t\t\t\t\t\t\t\t\t\t\t\t\t\t<\/div>\n\t\t\t\t<\/div>\n\t\t\t\t<div class=\"elementor-element elementor-element-8211307 elementor-widget elementor-widget-spacer\" data-id=\"8211307\" data-element_type=\"widget\" data-widget_type=\"spacer.default\">\n\t\t\t\t<div class=\"elementor-widget-container\">\n\t\t\t\t\t\t\t<div class=\"elementor-spacer\">\n\t\t\t<div class=\"elementor-spacer-inner\"><\/div>\n\t\t<\/div>\n\t\t\t\t\t\t<\/div>\n\t\t\t\t<\/div>\n\t\t\t\t<div class=\"elementor-element elementor-element-70de5d5 elementor-button-info elementor-align-center elementor-widget__width-initial elementor-widget elementor-widget-button\" data-id=\"70de5d5\" data-element_type=\"widget\" data-widget_type=\"button.default\">\n\t\t\t\t<div class=\"elementor-widget-container\">\n\t\t\t\t\t\t\t\t\t<div class=\"elementor-button-wrapper\">\n\t\t\t\t\t<a class=\"elementor-button elementor-button-link elementor-size-xl\" href=\"https:\/\/martaidawid.pl\/?page_id=659\">\n\t\t\t\t\t\t<span class=\"elementor-button-content-wrapper\">\n\t\t\t\t\t\t\t\t\t<span class=\"elementor-button-text\">PODR\u00d3\u017bE<\/span>\n\t\t\t\t\t<\/span>\n\t\t\t\t\t<\/a>\n\t\t\t\t<\/div>\n\t\t\t\t\t\t\t\t<\/div>\n\t\t\t\t<\/div>\n\t\t\t\t\t<\/div>\n\t\t<\/div>\n\t\t\t\t\t<\/div>\n\t\t<\/section>\n\t\t\t\t<div class=\"elementor-element elementor-element-902a362 elementor-widget elementor-widget-spacer\" data-id=\"902a362\" data-element_type=\"widget\" data-widget_type=\"spacer.default\">\n\t\t\t\t<div class=\"elementor-widget-container\">\n\t\t\t\t\t\t\t<div class=\"elementor-spacer\">\n\t\t\t<div class=\"elementor-spacer-inner\"><\/div>\n\t\t<\/div>\n\t\t\t\t\t\t<\/div>\n\t\t\t\t<\/div>\n\t\t\t\t<div class=\"elementor-element elementor-element-68679ab elementor-widget elementor-widget-spacer\" data-id=\"68679ab\" data-element_type=\"widget\" data-widget_type=\"spacer.default\">\n\t\t\t\t<div class=\"elementor-widget-container\">\n\t\t\t\t\t\t\t<div class=\"elementor-spacer\">\n\t\t\t<div class=\"elementor-spacer-inner\"><\/div>\n\t\t<\/div>\n\t\t\t\t\t\t<\/div>\n\t\t\t\t<\/div>\n\t\t\t\t<div class=\"elementor-element elementor-element-afba5d3 elementor-widget elementor-widget-spacer\" data-id=\"afba5d3\" data-element_type=\"widget\" data-widget_type=\"spacer.default\">\n\t\t\t\t<div class=\"elementor-widget-container\">\n\t\t\t\t\t\t\t<div class=\"elementor-spacer\">\n\t\t\t<div class=\"elementor-spacer-inner\"><\/div>\n\t\t<\/div>\n\t\t\t\t\t\t<\/div>\n\t\t\t\t<\/div>\n\t\t\t\t\t<\/div>\n\t\t<\/div>\n\t\t\t\t\t<\/div>\n\t\t<\/section>\n\t\t\t\t<\/div>\n\t\t","protected":false},"excerpt":{"rendered":"<p>Dzi\u0119kujemy \u017ce byli\u015bcie z nami! 16 sierpnia 2025 roku Mamy nadziej\u0119 \u017ce dobrze si\u0119 bawili\u015bcie! KSI\u0118GA GO\u015aCI Podoba\u0142o Ci si\u0119 na weselu? Bardzo si\u0119 cieszymy! Zostaw po sobie wirtualn\u0105 pami\u0105tk\u0119 i wpisz si\u0119 do ksi\u0119gi go\u015bci \ud83d\ude42 Koniecznie zobaczcie zdj\u0119cia i film ze \u015blubu i wesela, na pewno tam jeste\u015bcie \ud83d\ude42 ZDJ\u0118CIA ZE \u015aLUBU I &hellip; <\/p>\n<p class=\"link-more\"><a href=\"https:\/\/martaidawid.pl\/\" class=\"more-link\">Read more<span class=\"screen-reader-text\"> &#8222;&#8221;<\/span><\/a><\/p>\n","protected":false},"author":1,"featured_media":0,"parent":0,"menu_order":0,"comment_status":"closed","ping_status":"closed","template":"","meta":{"footnotes":""},"class_list":["post-132","page","type-page","status-publish","hentry"],"_links":{"self":[{"href":"https:\/\/martaidawid.pl\/index.php?rest_route=\/wp\/v2\/pages\/132","targetHints":{"allow":["GET"]}}],"collection":[{"href":"https:\/\/martaidawid.pl\/index.php?rest_route=\/wp\/v2\/pages"}],"about":[{"href":"https:\/\/martaidawid.pl\/index.php?rest_route=\/wp\/v2\/types\/page"}],"author":[{"embeddable":true,"href":"https:\/\/martaidawid.pl\/index.php?rest_route=\/wp\/v2\/users\/1"}],"replies":[{"embeddable":true,"href":"https:\/\/martaidawid.pl\/index.php?rest_route=%2Fwp%2Fv2%2Fcomments&post=132"}],"version-history":[{"count":382,"href":"https:\/\/martaidawid.pl\/index.php?rest_route=\/wp\/v2\/pages\/132\/revisions"}],"predecessor-version":[{"id":791,"href":"https:\/\/martaidawid.pl\/index.php?rest_route=\/wp\/v2\/pages\/132\/revisions\/791"}],"wp:attachment":[{"href":"https:\/\/martaidawid.pl\/index.php?rest_route=%2Fwp%2Fv2%2Fmedia&parent=132"}],"curies":[{"name":"wp","href":"https:\/\/api.w.org\/{rel}","templated":true}]}}